{"id":42,"date":"2017-11-04T08:54:05","date_gmt":"2017-11-04T08:54:05","guid":{"rendered":"http:\/\/toms-bienen.de\/?page_id=42"},"modified":"2024-02-08T16:14:37","modified_gmt":"2024-02-08T16:14:37","slug":"bienenwachskerzen","status":"publish","type":"page","link":"http:\/\/toms-bienen.de\/?page_id=42","title":{"rendered":"Bienenwachsprodukte"},"content":{"rendered":"\t\t<div data-elementor-type=\"wp-page\" data-elementor-id=\"42\" class=\"elementor elementor-42\">\n\t\t\t\t<div class=\"elementor-element elementor-element-a46c5d4 e-flex e-con-boxed e-con e-parent\" data-id=\"a46c5d4\" data-element_type=\"container\" data-e-type=\"container\">\n\t\t\t\t\t<div class=\"e-con-inner\">\n\t\t\t\t<div class=\"elementor-element elementor-element-6b9f4bc elementor-widget elementor-widget-image\" data-id=\"6b9f4bc\" data-element_type=\"widget\" data-e-type=\"widget\" data-widget_type=\"image.default\">\n\t\t\t\t<div class=\"elementor-widget-container\">\n\t\t\t\t\t\t\t\t\t\t\t\t\t\t\t<img fetchpriority=\"high\" decoding=\"async\" width=\"984\" height=\"400\" src=\"http:\/\/toms-bienen.de\/wp-content\/uploads\/2024\/02\/bienenwachsprodukte.jpg\" class=\"attachment-large size-large wp-image-251\" alt=\"\" srcset=\"http:\/\/toms-bienen.de\/wp-content\/uploads\/2024\/02\/bienenwachsprodukte.jpg 984w, http:\/\/toms-bienen.de\/wp-content\/uploads\/2024\/02\/bienenwachsprodukte-300x122.jpg 300w, http:\/\/toms-bienen.de\/wp-content\/uploads\/2024\/02\/bienenwachsprodukte-768x312.jpg 768w\" sizes=\"(max-width: 984px) 100vw, 984px\" \/>\t\t\t\t\t\t\t\t\t\t\t\t\t\t\t<\/div>\n\t\t\t\t<\/div>\n\t\t\t\t\t<\/div>\n\t\t\t\t<\/div>\n\t\t<div class=\"elementor-element elementor-element-2dfa4ea e-flex e-con-boxed e-con e-parent\" data-id=\"2dfa4ea\" data-element_type=\"container\" data-e-type=\"container\">\n\t\t\t\t\t<div class=\"e-con-inner\">\n\t\t\t\t<div class=\"elementor-element elementor-element-26d3b35 elementor-widget elementor-widget-spacer\" data-id=\"26d3b35\" data-element_type=\"widget\" data-e-type=\"widget\" data-widget_type=\"spacer.default\">\n\t\t\t\t<div class=\"elementor-widget-container\">\n\t\t\t\t\t\t\t<div class=\"elementor-spacer\">\n\t\t\t<div class=\"elementor-spacer-inner\"><\/div>\n\t\t<\/div>\n\t\t\t\t\t\t<\/div>\n\t\t\t\t<\/div>\n\t\t\t\t\t<\/div>\n\t\t\t\t<\/div>\n\t\t<div class=\"elementor-element elementor-element-3ae67612 e-flex e-con-boxed e-con e-parent\" data-id=\"3ae67612\" data-element_type=\"container\" data-e-type=\"container\">\n\t\t\t\t\t<div class=\"e-con-inner\">\n\t\t\t\t<div class=\"elementor-element elementor-element-31596c10 elementor-widget elementor-widget-text-editor\" data-id=\"31596c10\" data-element_type=\"widget\" data-e-type=\"widget\" data-widget_type=\"text-editor.default\">\n\t\t\t\t<div class=\"elementor-widget-container\">\n\t\t\t\t\t\t\t\t\t<h2 style=\"text-align: center;\"><strong><span style=\"color: #ff0000;\">Bestellen k\u00f6nnen Sie ganz bequem in unserem Onlineshop<\/span><\/strong><\/h2><h2 style=\"text-align: center;\"><span style=\"color: #ff0000;\"><span style=\"text-decoration: underline;\"><strong> <a style=\"color: #ff0000; text-decoration: underline;\" href=\"https:\/\/shop.toms-bienen.de\/\">shop.toms-bienen.de<\/a><\/strong><\/span><\/span><\/h2><p>F\u00fcr individuelle Anfragen schreiben Sie uns eine Nachricht \u00fcber das Kontaktformular. Wir schicken ihnen dann schnellstm\u00f6glichst ein Angebot zu.<\/p><p>Versandkosten:<\/p><p>Kerzenpreise wie im Katalog und zzgl. 5,95 \u20ac Porto Versand nach Deutschland und 7,95 \u20ac Porto\u00a0 Versand nach \u00d6sterreich<\/p><p>Ab 60 \u20ac Warenwert erfolgt der Versand Versandkostenfrei.<\/p><p>Sie best\u00e4tigen uns diese, wenn sie verbindlich bestellen wolllen und wir schicken ihnen baldm\u00f6glichst die gew\u00fcnschten Kerzen.<\/p>\t\t\t\t\t\t\t\t<\/div>\n\t\t\t\t<\/div>\n\t\t\t\t\t<\/div>\n\t\t\t\t<\/div>\n\t\t\t\t<\/div>\n\t\t","protected":false},"excerpt":{"rendered":"<p>Bestellen k\u00f6nnen Sie ganz bequem in unserem Onlineshop shop.toms-bienen.de F\u00fcr individuelle Anfragen schreiben Sie uns eine Nachricht \u00fcber das Kontaktformular. Wir schicken ihnen dann schnellstm\u00f6glichst ein Angebot zu. Versandkosten: Kerzenpreise wie im Katalog und zzgl. 5,95 \u20ac Porto Versand nach Deutschland und 7,95 \u20ac Porto\u00a0 Versand nach \u00d6sterreich Ab 60 \u20ac Warenwert erfolgt der Versand [&hellip;]<\/p>\n","protected":false},"author":1,"featured_media":0,"parent":0,"menu_order":0,"comment_status":"closed","ping_status":"closed","template":"","meta":{"ocean_post_layout":"","ocean_both_sidebars_style":"","ocean_both_sidebars_content_width":0,"ocean_both_sidebars_sidebars_width":0,"ocean_sidebar":"","ocean_second_sidebar":"","ocean_disable_margins":"enable","ocean_add_body_class":"","ocean_shortcode_before_top_bar":"","ocean_shortcode_after_top_bar":"","ocean_shortcode_before_header":"","ocean_shortcode_after_header":"","ocean_has_shortcode":"","ocean_shortcode_after_title":"","ocean_shortcode_before_footer_widgets":"","ocean_shortcode_after_footer_widgets":"","ocean_shortcode_before_footer_bottom":"","ocean_shortcode_after_footer_bottom":"","ocean_display_top_bar":"default","ocean_display_header":"default","ocean_header_style":"","ocean_center_header_left_menu":"","ocean_custom_header_template":"","ocean_custom_logo":0,"ocean_custom_retina_logo":0,"ocean_custom_logo_max_width":0,"ocean_custom_logo_tablet_max_width":0,"ocean_custom_logo_mobile_max_width":0,"ocean_custom_logo_max_height":0,"ocean_custom_logo_tablet_max_height":0,"ocean_custom_logo_mobile_max_height":0,"ocean_header_custom_menu":"","ocean_menu_typo_font_family":"","ocean_menu_typo_font_subset":"","ocean_menu_typo_font_size":0,"ocean_menu_typo_font_size_tablet":0,"ocean_menu_typo_font_size_mobile":0,"ocean_menu_typo_font_size_unit":"px","ocean_menu_typo_font_weight":"","ocean_menu_typo_font_weight_tablet":"","ocean_menu_typo_font_weight_mobile":"","ocean_menu_typo_transform":"","ocean_menu_typo_transform_tablet":"","ocean_menu_typo_transform_mobile":"","ocean_menu_typo_line_height":0,"ocean_menu_typo_line_height_tablet":0,"ocean_menu_typo_line_height_mobile":0,"ocean_menu_typo_line_height_unit":"","ocean_menu_typo_spacing":0,"ocean_menu_typo_spacing_tablet":0,"ocean_menu_typo_spacing_mobile":0,"ocean_menu_typo_spacing_unit":"","ocean_menu_link_color":"","ocean_menu_link_color_hover":"","ocean_menu_link_color_active":"","ocean_menu_link_background":"","ocean_menu_link_hover_background":"","ocean_menu_link_active_background":"","ocean_menu_social_links_bg":"","ocean_menu_social_hover_links_bg":"","ocean_menu_social_links_color":"","ocean_menu_social_hover_links_color":"","ocean_disable_title":"default","ocean_disable_heading":"default","ocean_post_title":"","ocean_post_subheading":"","ocean_post_title_style":"","ocean_post_title_background_color":"","ocean_post_title_background":0,"ocean_post_title_bg_image_position":"","ocean_post_title_bg_image_attachment":"","ocean_post_title_bg_image_repeat":"","ocean_post_title_bg_image_size":"","ocean_post_title_height":0,"ocean_post_title_bg_overlay":0.5,"ocean_post_title_bg_overlay_color":"","ocean_disable_breadcrumbs":"default","ocean_breadcrumbs_color":"","ocean_breadcrumbs_separator_color":"","ocean_breadcrumbs_links_color":"","ocean_breadcrumbs_links_hover_color":"","ocean_display_footer_widgets":"default","ocean_display_footer_bottom":"default","ocean_custom_footer_template":"","footnotes":""},"class_list":["post-42","page","type-page","status-publish","hentry","entry"],"_links":{"self":[{"href":"http:\/\/toms-bienen.de\/index.php?rest_route=\/wp\/v2\/pages\/42","targetHints":{"allow":["GET"]}}],"collection":[{"href":"http:\/\/toms-bienen.de\/index.php?rest_route=\/wp\/v2\/pages"}],"about":[{"href":"http:\/\/toms-bienen.de\/index.php?rest_route=\/wp\/v2\/types\/page"}],"author":[{"embeddable":true,"href":"http:\/\/toms-bienen.de\/index.php?rest_route=\/wp\/v2\/users\/1"}],"replies":[{"embeddable":true,"href":"http:\/\/toms-bienen.de\/index.php?rest_route=%2Fwp%2Fv2%2Fcomments&post=42"}],"version-history":[{"count":39,"href":"http:\/\/toms-bienen.de\/index.php?rest_route=\/wp\/v2\/pages\/42\/revisions"}],"predecessor-version":[{"id":426,"href":"http:\/\/toms-bienen.de\/index.php?rest_route=\/wp\/v2\/pages\/42\/revisions\/426"}],"wp:attachment":[{"href":"http:\/\/toms-bienen.de\/index.php?rest_route=%2Fwp%2Fv2%2Fmedia&parent=42"}],"curies":[{"name":"wp","href":"https:\/\/api.w.org\/{rel}","templated":true}]}}